{"id":17580,"date":"2017-04-21T11:48:59","date_gmt":"2017-04-21T11:48:59","guid":{"rendered":"https:\/\/www.pharmamed.com\/areas-of-expertise\/"},"modified":"2024-03-07T09:54:18","modified_gmt":"2024-03-07T09:54:18","slug":"nasa-podrucja-strucnosti","status":"publish","type":"page","link":"https:\/\/www.pharmamed.com\/hr\/nasa-podrucja-strucnosti\/","title":{"rendered":"Na\u0161a podru\u010dja stru\u010dnosti"},"content":{"rendered":"\t\t<div data-elementor-type=\"wp-page\" data-elementor-id=\"17580\" class=\"elementor elementor-17580 elementor-6808\">\n\t\t\t\t\t\t<section class=\"elementor-section elementor-top-section elementor-element elementor-element-7624d4e elementor-section-full_width mkdf-elementor-row-grid-section elementor-section-height-default elementor-section-height-default mkdf-parallax-row-no mkdf-content-aligment-left mkdf-disabled-bg-image-bellow-no\" data-id=\"7624d4e\" data-element_type=\"section\" data-e-type=\"section\" data-settings=\"{&quot;background_background&quot;:&quot;classic&quot;}\">\n\t\t\t\t\t\t\t<div class=\"elementor-background-overlay\"><\/div>\n\t\t\t\t\t\t\t<div class=\"elementor-container elementor-column-gap-default\">\n\t\t\t\t\t<div class=\"elementor-column elementor-col-100 elementor-top-column elementor-element elementor-element-e77bd2e\" data-id=\"e77bd2e\" data-element_type=\"column\" data-e-type=\"column\">\n\t\t\t<div class=\"elementor-widget-wrap elementor-element-populated\">\n\t\t\t\t\t\t<div class=\"elementor-element elementor-element-adac787 elementor-widget__width-initial elementor-widget-tablet__width-inherit elementor-widget-mobile__width-inherit elementor-widget elementor-widget-mkdf_section_title\" data-id=\"adac787\" data-element_type=\"widget\" data-e-type=\"widget\" data-widget_type=\"mkdf_section_title.default\">\n\t\t\t\t<div class=\"elementor-widget-container\">\n\t\t\t\t\t<div class=\"mkdf-section-title-holder mkdf-st-standard mkdf-st-title-left mkdf-st-normal-space \" style=\"text-align: center\">\n\t<div class=\"mkdf-st-inner\">\n\t\t\t\t\t<h2 class=\"mkdf-st-title\" >\n\t\t\t\tNa\u0161a podru\u010dja stru\u010dnosti\t\t\t<\/h2>\n\t\t\t\t\t\t\t<h4 class=\"mkdf-st-text\" >\n\t\t\t\tKroz gotovo 3 desetlje\u0107a djelovanja u industriji, u protfolio smo uveli \u0161iroki spektar usluga kao \u0161to su: na\u0161a prodajna snaga, edukacije, rje\u0161enja, promocije i jo\u0161 mnogo toga...\t\t\t<\/h4>\n\t\t\t<\/div>\n<\/div>\t\t\t\t<\/div>\n\t\t\t\t<\/div>\n\t\t\t\t<div class=\"elementor-element elementor-element-4374c01 elementor-widget elementor-widget-mkdf_icon_tabs\" data-id=\"4374c01\" data-element_type=\"widget\" data-e-type=\"widget\" data-widget_type=\"mkdf_icon_tabs.default\">\n\t\t\t\t<div class=\"elementor-widget-container\">\n\t\t\t\t\t\n\t\t<div class=\"mkdf-icon-tabs mkdf-icon-tabs-four\">\n\t\t\t<ul class=\"mkdf-icon-tabs-nav clearfix\">\n\t\t\t\t\t\t\t\t\t<li>\n\t\t\t\t\t\t\t\t\t\t\t\t\t<a href=\"#tab-prodaja\">\n\t\t\t\t\t\t\t\t<span class=\"mkdf-icon-tabs-title-holder\">Prodaja<\/span>\n\t\t\t\t\t\t\t<\/a>\n\t\t\t\t\t\t\t\t\t\t\t<\/li>\n\t\t\t\t\t\t\t\t\t<li>\n\t\t\t\t\t\t\t\t\t\t\t\t\t<a href=\"#tab-edukacija\">\n\t\t\t\t\t\t\t\t<span class=\"mkdf-icon-tabs-title-holder\">Edukacija<\/span>\n\t\t\t\t\t\t\t<\/a>\n\t\t\t\t\t\t\t\t\t\t\t<\/li>\n\t\t\t\t\t\t\t\t\t<li>\n\t\t\t\t\t\t\t\t\t\t\t\t\t<a href=\"#tab-rjesenja\">\n\t\t\t\t\t\t\t\t<span class=\"mkdf-icon-tabs-title-holder\">Rje\u0161enja<\/span>\n\t\t\t\t\t\t\t<\/a>\n\t\t\t\t\t\t\t\t\t\t\t<\/li>\n\t\t\t\t\t\t\t\t\t<li>\n\t\t\t\t\t\t\t\t\t\t\t\t\t<a href=\"#tab-promocije\">\n\t\t\t\t\t\t\t\t<span class=\"mkdf-icon-tabs-title-holder\">Promocije<\/span>\n\t\t\t\t\t\t\t<\/a>\n\t\t\t\t\t\t\t\t\t\t\t<\/li>\n\t\t\t\t\t\t\t\t<li class=\"mkdf-tabs-nav-line\"><\/li>\n\t\t\t<\/ul>\n\n\t\t\t<div class=\"mkdf-icon-tab-container\" id=\"tab-prodaja-793\" data-icon-pack=\"font_awesome\" data-icon-html=\"&lt;img src=&quot;https:\/\/www.pharmamed.com\/wp-content\/uploads\/2024\/02\/sales-2.png&quot;alt=&quot;Custom icon&quot;style=&quot;width:75px;height:75px;&quot;\/&gt;\">\t\t<div data-elementor-type=\"page\" data-elementor-id=\"17498\" class=\"elementor elementor-17498 elementor-11642\">\n\t\t\t\t\t\t<section class=\"elementor-section elementor-top-section elementor-element elementor-element-2f7163a elementor-section-full_width elementor-section-height-default elementor-section-height-default mkdf-parallax-row-no mkdf-content-aligment-left mkdf-elementor-row-grid-no mkdf-disabled-bg-image-bellow-no\" data-id=\"2f7163a\" data-element_type=\"section\" data-e-type=\"section\">\n\t\t\t\t\t\t<div class=\"elementor-container elementor-column-gap-default\">\n\t\t\t\t\t<div class=\"elementor-column elementor-col-100 elementor-top-column elementor-element elementor-element-e4ad972\" data-id=\"e4ad972\" data-element_type=\"column\" data-e-type=\"column\">\n\t\t\t<div class=\"elementor-widget-wrap elementor-element-populated\">\n\t\t\t\t\t\t<div class=\"elementor-element elementor-element-495e747 elementor-widget-tablet__width-inherit elementor-widget elementor-widget-text-editor\" data-id=\"495e747\" data-element_type=\"widget\" data-e-type=\"widget\" data-widget_type=\"text-editor.default\">\n\t\t\t\t<div class=\"elementor-widget-container\">\n\t\t\t\t\t\t\t\t\t<h3>Prodaja<\/h3>\t\t\t\t\t\t\t\t<\/div>\n\t\t\t\t<\/div>\n\t\t\t\t<div class=\"elementor-element elementor-element-4a1bf3e elementor-widget elementor-widget-mkdf_info_list\" data-id=\"4a1bf3e\" data-element_type=\"widget\" data-e-type=\"widget\" data-widget_type=\"mkdf_info_list.default\">\n\t\t\t\t<div class=\"elementor-widget-container\">\n\t\t\t\t\t\n\t\t<div class=\"mkdf-info-list\">\n\t\t\t<div class=\"mkdf-info-list-inner\">\n\t\t\t\t\n\t\t\t\t<div class=\"mkdf-info-list-items\">\n\t\t\t\t\t<div class=\"mkdf-info-list-item\">\n\t\t\t<div class=\"mkdf-info-list-item-inner\">\n\t\t\t<span class=\"mkdf-ili-left\"><\/span>\n\t\t\t<span class=\"mkdf-ili-right\">Na\u0161a prodaja  ima veliko iskustvo u zdravstvenom sektoru u regiji koju pokrivamo. S razli\u010ditim iskustvom, od farmaceuta do lije\u010dnika, medicinskih sestara, fizioterapeuta, svi na\u0161i prodajni timovi rade sa zajedni\u010dkim ciljem koji je razviti odnose temeljene na povjerenju isporu\u010duju\u0107i rje\u0161enja, proizvode visoke kvalitete, usluge i savjete koji odgovaraju potrebama klijenata.<\/span>\n\t\t<\/div>\n\t<\/div>\t\t\t\t<\/div>\n\n\t\t\t\t\t\t\t<\/div>\n\t\t<\/div>\n\t\t\t\t\t<\/div>\n\t\t\t\t<\/div>\n\t\t\t\t\t<\/div>\n\t\t<\/div>\n\t\t\t\t\t<\/div>\n\t\t<\/section>\n\t\t\t\t<\/div>\n\t\t<\/div><div class=\"mkdf-icon-tab-container\" id=\"tab-edukacija-611\" data-icon-pack=\"font_awesome\" data-icon-html=\"&lt;img src=&quot;https:\/\/www.pharmamed.com\/wp-content\/uploads\/2024\/02\/education-1.png&quot;alt=&quot;Custom icon&quot;style=&quot;width:75px;height:75px;&quot;\/&gt;\">\t\t<div data-elementor-type=\"section\" data-elementor-id=\"17493\" class=\"elementor elementor-17493 elementor-16333\">\n\t\t\t\t\t\t<section class=\"elementor-section elementor-top-section elementor-element elementor-element-46547c1 elementor-section-full_width elementor-section-height-default elementor-section-height-default mkdf-parallax-row-no mkdf-content-aligment-left mkdf-elementor-row-grid-no mkdf-disabled-bg-image-bellow-no\" data-id=\"46547c1\" data-element_type=\"section\" data-e-type=\"section\">\n\t\t\t\t\t\t<div class=\"elementor-container elementor-column-gap-default\">\n\t\t\t\t\t<div class=\"elementor-column elementor-col-100 elementor-top-column elementor-element elementor-element-4757ee7\" data-id=\"4757ee7\" data-element_type=\"column\" data-e-type=\"column\">\n\t\t\t<div class=\"elementor-widget-wrap elementor-element-populated\">\n\t\t\t\t\t\t<div class=\"elementor-element elementor-element-39709a1 elementor-widget-tablet__width-inherit elementor-widget elementor-widget-text-editor\" data-id=\"39709a1\" data-element_type=\"widget\" data-e-type=\"widget\" data-widget_type=\"text-editor.default\">\n\t\t\t\t<div class=\"elementor-widget-container\">\n\t\t\t\t\t\t\t\t\t<h3>Edukacije\u00a0<\/h3>\t\t\t\t\t\t\t\t<\/div>\n\t\t\t\t<\/div>\n\t\t\t\t<div class=\"elementor-element elementor-element-07a930c elementor-widget__width-inherit elementor-widget elementor-widget-text-editor\" data-id=\"07a930c\" data-element_type=\"widget\" data-e-type=\"widget\" data-widget_type=\"text-editor.default\">\n\t\t\t\t<div class=\"elementor-widget-container\">\n\t\t\t\t\t\t\t\t\t<p>Vjerujemo da se napredak u zdravstvu mo\u017ee ostvariti samo kada medicinski djelatnici imaju pristup kontinuiranoj edukaciji. Na\u0161 cilj je ponuditi medicinskim stru\u010dnjacima mogu\u0107nost da pobolj\u0161aju svoje vje\u0161tine i sposobnosti tako\u0111er koriste\u0107i kvalitetno obrazovanje koje odgovara njihovim potrebama.<\/p><p>Sura\u0111uju\u0107i s na\u0161im ravnateljima, obrazovnim institutima, udrugama medicinskih stru\u010dnjaka i koriste\u0107i svoje osoblje, isporu\u010dujemo strategiju kombiniranog u\u010denja koja se razlikuje po ulogama.<\/p>\t\t\t\t\t\t\t\t<\/div>\n\t\t\t\t<\/div>\n\t\t\t\t<div class=\"elementor-element elementor-element-4a87b79 elementor-widget elementor-widget-mkdf_info_list\" data-id=\"4a87b79\" data-element_type=\"widget\" data-e-type=\"widget\" data-widget_type=\"mkdf_info_list.default\">\n\t\t\t\t<div class=\"elementor-widget-container\">\n\t\t\t\t\t\n\t\t<div class=\"mkdf-info-list\">\n\t\t\t<div class=\"mkdf-info-list-inner\">\n\t\t\t\t\t\t\t\t\t<h3 class=\"mkdf-info-list-title\">Na\u0161e mogu\u0107nosti obuke uklju\u010duju:<\/h3>\n\t\t\t\t\n\t\t\t\t<div class=\"mkdf-info-list-items\">\n\t\t\t\t\t<div class=\"mkdf-info-list-item\">\n\t\t\t<div class=\"mkdf-info-list-item-inner\">\n\t\t\t<span class=\"mkdf-ili-left\"><span class=\"mkdf-ili-title\">Te\u010dajevi obuke temeljeni na nastavi<\/span><\/span>\n\t\t\t<span class=\"mkdf-ili-right\"><\/span>\n\t\t<\/div>\n\t<\/div><div class=\"mkdf-info-list-item\">\n\t\t\t<div class=\"mkdf-info-list-item-inner\">\n\t\t\t<span class=\"mkdf-ili-left\"><span class=\"mkdf-ili-title\">Radionice u\u017eivo<\/span><\/span>\n\t\t\t<span class=\"mkdf-ili-right\"><\/span>\n\t\t<\/div>\n\t<\/div><div class=\"mkdf-info-list-item\">\n\t\t\t<div class=\"mkdf-info-list-item-inner\">\n\t\t\t<span class=\"mkdf-ili-left\"><span class=\"mkdf-ili-title\">Pomo\u0107 na licu mjesta u OR, odjelima<\/span><\/span>\n\t\t\t<span class=\"mkdf-ili-right\"><\/span>\n\t\t<\/div>\n\t<\/div><div class=\"mkdf-info-list-item\">\n\t\t\t<div class=\"mkdf-info-list-item-inner\">\n\t\t\t<span class=\"mkdf-ili-left\"><span class=\"mkdf-ili-title\">Programi stipendiranja na regionalnoj i me\u0111unarodnoj razini<\/span><\/span>\n\t\t\t<span class=\"mkdf-ili-right\"><\/span>\n\t\t<\/div>\n\t<\/div><div class=\"mkdf-info-list-item\">\n\t\t\t<div class=\"mkdf-info-list-item-inner\">\n\t\t\t<span class=\"mkdf-ili-left\"><span class=\"mkdf-ili-title\">Sudjelovanje na specijaliziranim me\u0111unarodnim kongresima<\/span><\/span>\n\t\t\t<span class=\"mkdf-ili-right\"><\/span>\n\t\t<\/div>\n\t<\/div><div class=\"mkdf-info-list-item\">\n\t\t\t<div class=\"mkdf-info-list-item-inner\">\n\t\t\t<span class=\"mkdf-ili-left\"><span class=\"mkdf-ili-title\">Doga\u0111aji na teritoriju<\/span><\/span>\n\t\t\t<span class=\"mkdf-ili-right\"><\/span>\n\t\t<\/div>\n\t<\/div>\t\t\t\t<\/div>\n\n\t\t\t\t\t\t\t<\/div>\n\t\t<\/div>\n\t\t\t\t\t<\/div>\n\t\t\t\t<\/div>\n\t\t\t\t\t<\/div>\n\t\t<\/div>\n\t\t\t\t\t<\/div>\n\t\t<\/section>\n\t\t<div class=\"elementor-element elementor-element-f4bb800 e-flex e-con-boxed e-con e-parent\" data-id=\"f4bb800\" data-element_type=\"container\" data-e-type=\"container\">\n\t\t\t\t\t<div class=\"e-con-inner\">\n\t\t\t\t\t<\/div>\n\t\t\t\t<\/div>\n\t\t\t\t<\/div>\n\t\t<\/div><div class=\"mkdf-icon-tab-container\" id=\"tab-rjesenja-49\" data-icon-pack=\"font_awesome\" data-icon-html=\"&lt;img src=&quot;https:\/\/www.pharmamed.com\/wp-content\/uploads\/2024\/02\/Layer-1.png&quot;alt=&quot;Custom icon&quot;style=&quot;width:75px;height:75px;&quot;\/&gt;\">\t\t<div data-elementor-type=\"section\" data-elementor-id=\"17497\" class=\"elementor elementor-17497 elementor-11694\">\n\t\t\t\t\t\t<section class=\"elementor-section elementor-top-section elementor-element elementor-element-46547c1 elementor-section-full_width elementor-section-height-default elementor-section-height-default mkdf-parallax-row-no mkdf-content-aligment-left mkdf-elementor-row-grid-no mkdf-disabled-bg-image-bellow-no\" data-id=\"46547c1\" data-element_type=\"section\" data-e-type=\"section\">\n\t\t\t\t\t\t<div class=\"elementor-container elementor-column-gap-default\">\n\t\t\t\t\t<div class=\"elementor-column elementor-col-100 elementor-top-column elementor-element elementor-element-4757ee7\" data-id=\"4757ee7\" data-element_type=\"column\" data-e-type=\"column\">\n\t\t\t<div class=\"elementor-widget-wrap elementor-element-populated\">\n\t\t\t\t\t\t<div class=\"elementor-element elementor-element-39709a1 elementor-widget-tablet__width-inherit elementor-widget elementor-widget-text-editor\" data-id=\"39709a1\" data-element_type=\"widget\" data-e-type=\"widget\" data-widget_type=\"text-editor.default\">\n\t\t\t\t<div class=\"elementor-widget-container\">\n\t\t\t\t\t\t\t\t\t<h3>Rje\u0161enja<\/h3>\t\t\t\t\t\t\t\t<\/div>\n\t\t\t\t<\/div>\n\t\t\t\t<div class=\"elementor-element elementor-element-07a930c elementor-widget__width-inherit elementor-widget elementor-widget-text-editor\" data-id=\"07a930c\" data-element_type=\"widget\" data-e-type=\"widget\" data-widget_type=\"text-editor.default\">\n\t\t\t\t<div class=\"elementor-widget-container\">\n\t\t\t\t\t\t\t\t\t<p>Dijele\u0107i znanje s medicinskim stru\u010dnjacima, analiziraju\u0107i njihove potrebe, procjenjujemo treba li kombinirati prilago\u0111ena rje\u0161enja za razli\u010dite zna\u010dajke proizvoda\/usluge.<\/p>\t\t\t\t\t\t\t\t<\/div>\n\t\t\t\t<\/div>\n\t\t\t\t<div class=\"elementor-element elementor-element-4a87b79 elementor-widget elementor-widget-mkdf_info_list\" data-id=\"4a87b79\" data-element_type=\"widget\" data-e-type=\"widget\" data-widget_type=\"mkdf_info_list.default\">\n\t\t\t\t<div class=\"elementor-widget-container\">\n\t\t\t\t\t\n\t\t<div class=\"mkdf-info-list\">\n\t\t\t<div class=\"mkdf-info-list-inner\">\n\t\t\t\t\t\t\t\t\t<h3 class=\"mkdf-info-list-title\">Na primjer:<\/h3>\n\t\t\t\t\n\t\t\t\t<div class=\"mkdf-info-list-items\">\n\t\t\t\t\t<div class=\"mkdf-info-list-item\">\n\t\t\t<div class=\"mkdf-info-list-item-inner\">\n\t\t\t<span class=\"mkdf-ili-left\"><span class=\"mkdf-ili-title\">Komponente ili dodaci proizvoda<\/span><\/span>\n\t\t\t<span class=\"mkdf-ili-right\"><\/span>\n\t\t<\/div>\n\t<\/div><div class=\"mkdf-info-list-item\">\n\t\t\t<div class=\"mkdf-info-list-item-inner\">\n\t\t\t<span class=\"mkdf-ili-left\"><span class=\"mkdf-ili-title\">Paketi proizvoda<\/span><\/span>\n\t\t\t<span class=\"mkdf-ili-right\"><\/span>\n\t\t<\/div>\n\t<\/div><div class=\"mkdf-info-list-item\">\n\t\t\t<div class=\"mkdf-info-list-item-inner\">\n\t\t\t<span class=\"mkdf-ili-left\"><span class=\"mkdf-ili-title\">Uvjeti servisiranja<\/span><\/span>\n\t\t\t<span class=\"mkdf-ili-right\"><\/span>\n\t\t<\/div>\n\t<\/div>\t\t\t\t<\/div>\n\n\t\t\t\t\t\t\t<\/div>\n\t\t<\/div>\n\t\t\t\t\t<\/div>\n\t\t\t\t<\/div>\n\t\t\t\t\t<\/div>\n\t\t<\/div>\n\t\t\t\t\t<\/div>\n\t\t<\/section>\n\t\t<div class=\"elementor-element elementor-element-f4bb800 e-flex e-con-boxed e-con e-parent\" data-id=\"f4bb800\" data-element_type=\"container\" data-e-type=\"container\">\n\t\t\t\t\t<div class=\"e-con-inner\">\n\t\t\t\t\t<\/div>\n\t\t\t\t<\/div>\n\t\t\t\t<\/div>\n\t\t<\/div><div class=\"mkdf-icon-tab-container\" id=\"tab-promocije-245\" data-icon-pack=\"font_awesome\" data-icon-html=\"&lt;img src=&quot;https:\/\/www.pharmamed.com\/wp-content\/uploads\/2024\/02\/promotion-1.png&quot;alt=&quot;Custom icon&quot;style=&quot;width:75px;height:75px;&quot;\/&gt;\">\t\t<div data-elementor-type=\"section\" data-elementor-id=\"17489\" class=\"elementor elementor-17489 elementor-16344\">\n\t\t\t\t\t\t<section class=\"elementor-section elementor-top-section elementor-element elementor-element-46547c1 elementor-section-full_width elementor-section-height-default elementor-section-height-default mkdf-parallax-row-no mkdf-content-aligment-left mkdf-elementor-row-grid-no mkdf-disabled-bg-image-bellow-no\" data-id=\"46547c1\" data-element_type=\"section\" data-e-type=\"section\">\n\t\t\t\t\t\t<div class=\"elementor-container elementor-column-gap-default\">\n\t\t\t\t\t<div class=\"elementor-column elementor-col-100 elementor-top-column elementor-element elementor-element-4757ee7\" data-id=\"4757ee7\" data-element_type=\"column\" data-e-type=\"column\">\n\t\t\t<div class=\"elementor-widget-wrap elementor-element-populated\">\n\t\t\t\t\t\t<div class=\"elementor-element elementor-element-39709a1 elementor-widget-tablet__width-inherit elementor-widget elementor-widget-text-editor\" data-id=\"39709a1\" data-element_type=\"widget\" data-e-type=\"widget\" data-widget_type=\"text-editor.default\">\n\t\t\t\t<div class=\"elementor-widget-container\">\n\t\t\t\t\t\t\t\t\t<h3>Promocije<\/h3>\t\t\t\t\t\t\t\t<\/div>\n\t\t\t\t<\/div>\n\t\t\t\t<div class=\"elementor-element elementor-element-07a930c elementor-widget__width-inherit elementor-widget elementor-widget-text-editor\" data-id=\"07a930c\" data-element_type=\"widget\" data-e-type=\"widget\" data-widget_type=\"text-editor.default\">\n\t\t\t\t<div class=\"elementor-widget-container\">\n\t\t\t\t\t\t\t\t\t<p>Imamo na\u0161 &#8220;in house&#8221; IT i marketin\u0161ki tim koji mo\u017ee pru\u017eiti sve potrebne promotivne usluge kao \u0161to su web stranice,\u00a0 fotografije, bro\u0161ure, upute\u00a0 ako dobavlja\u010d nije u mogu\u0107nosti isporu\u010diti vlastite materijale ili dio njih.<\/p>\t\t\t\t\t\t\t\t<\/div>\n\t\t\t\t<\/div>\n\t\t\t\t\t<\/div>\n\t\t<\/div>\n\t\t\t\t\t<\/div>\n\t\t<\/section>\n\t\t\t\t<\/div>\n\t\t<\/div>\n\t\t<\/div>\n\n\t\t\t\t<\/div>\n\t\t\t\t<\/div>\n\t\t\t\t\t<\/div>\n\t\t<\/div>\n\t\t\t\t\t<\/div>\n\t\t<\/section>\n\t\t\t\t<\/div>\n\t\t","protected":false},"excerpt":{"rendered":"<p>Na\u0161a podru\u010dja stru\u010dnosti Kroz gotovo 3 desetlje\u0107a djelovanja u industriji, u protfolio smo uveli \u0161iroki spektar usluga kao \u0161to su: na\u0161a prodajna snaga, edukacije, rje\u0161enja, promocije i jo\u0161 mnogo toga&#8230; Prodaja Edukacija Rje\u0161enja Promocije Prodaja Na\u0161i prodajni stru\u010dnjaci imaju veliko [&hellip;]<\/p>\n","protected":false},"author":1,"featured_media":0,"parent":0,"menu_order":0,"comment_status":"closed","ping_status":"closed","template":"full-width.php","meta":{"inline_featured_image":false,"footnotes":""},"class_list":["post-17580","page","type-page","status-publish","hentry"],"yoast_head":"<!-- This site is optimized with the Yoast SEO plugin v27.3 - https:\/\/yoast.com\/product\/yoast-seo-wordpress\/ -->\n<title>Na\u0161a podru\u010dja stru\u010dnosti - Pharmamed<\/title>\n<meta name=\"description\" content=\"PHARMAMED-MADO doo je trgova\u010dka tvrtka \u010dija je osnovna djelatnost registracija i promocija medicinskih proizvoda s fokusom na anesteziju, intenzivnu njegu, onkologiju, lije\u010denje boli, pedijatriju, urologiju, kirurgiju, ortopediju, traumatologiju, invazivnu kardiologiju i intenzivnu radiologiju.\" \/>\n<meta name=\"robots\" content=\"index, follow, max-snippet:-1, max-image-preview:large, max-video-preview:-1\" \/>\n<link rel=\"canonical\" href=\"https:\/\/www.pharmamed.com\/areas-of-expertise\/\" \/>\n<meta property=\"og:locale\" content=\"hr_HR\" \/>\n<meta property=\"og:type\" content=\"article\" \/>\n<meta property=\"og:title\" content=\"Na\u0161a podru\u010dja stru\u010dnosti - Pharmamed\" \/>\n<meta property=\"og:description\" content=\"PHARMAMED-MADO doo je trgova\u010dka tvrtka \u010dija je osnovna djelatnost registracija i promocija medicinskih proizvoda s fokusom na anesteziju, intenzivnu njegu, onkologiju, lije\u010denje boli, pedijatriju, urologiju, kirurgiju, ortopediju, traumatologiju, invazivnu kardiologiju i intenzivnu radiologiju.\" \/>\n<meta property=\"og:url\" content=\"https:\/\/www.pharmamed.com\/areas-of-expertise\/\" \/>\n<meta property=\"og:site_name\" content=\"Pharmamed\" \/>\n<meta property=\"article:modified_time\" content=\"2024-03-07T09:54:18+00:00\" \/>\n<meta name=\"twitter:card\" content=\"summary_large_image\" \/>\n<meta name=\"twitter:label1\" content=\"Procijenjeno vrijeme \u010ditanja\" \/>\n\t<meta name=\"twitter:data1\" content=\"2 minute\" \/>\n<script type=\"application\/ld+json\" class=\"yoast-schema-graph\">{\"@context\":\"https:\\\/\\\/schema.org\",\"@graph\":[{\"@type\":\"WebPage\",\"@id\":\"https:\\\/\\\/www.pharmamed.com\\\/areas-of-expertise\\\/\",\"url\":\"https:\\\/\\\/www.pharmamed.com\\\/areas-of-expertise\\\/\",\"name\":\"Na\u0161a podru\u010dja stru\u010dnosti - Pharmamed\",\"isPartOf\":{\"@id\":\"https:\\\/\\\/www.pharmamed.com\\\/#website\"},\"datePublished\":\"2017-04-21T11:48:59+00:00\",\"dateModified\":\"2024-03-07T09:54:18+00:00\",\"description\":\"PHARMAMED-MADO doo je trgova\u010dka tvrtka \u010dija je osnovna djelatnost registracija i promocija medicinskih proizvoda s fokusom na anesteziju, intenzivnu njegu, onkologiju, lije\u010denje boli, pedijatriju, urologiju, kirurgiju, ortopediju, traumatologiju, invazivnu kardiologiju i intenzivnu radiologiju.\",\"breadcrumb\":{\"@id\":\"https:\\\/\\\/www.pharmamed.com\\\/areas-of-expertise\\\/#breadcrumb\"},\"inLanguage\":\"hr\",\"potentialAction\":[{\"@type\":\"ReadAction\",\"target\":[\"https:\\\/\\\/www.pharmamed.com\\\/areas-of-expertise\\\/\"]}]},{\"@type\":\"BreadcrumbList\",\"@id\":\"https:\\\/\\\/www.pharmamed.com\\\/areas-of-expertise\\\/#breadcrumb\",\"itemListElement\":[{\"@type\":\"ListItem\",\"position\":1,\"name\":\"Home\",\"item\":\"https:\\\/\\\/www.pharmamed.com\\\/hr\\\/\"},{\"@type\":\"ListItem\",\"position\":2,\"name\":\"Na\u0161a podru\u010dja stru\u010dnosti\"}]},{\"@type\":\"WebSite\",\"@id\":\"https:\\\/\\\/www.pharmamed.com\\\/#website\",\"url\":\"https:\\\/\\\/www.pharmamed.com\\\/\",\"name\":\"Pharmamed\",\"description\":\"Impact for life\",\"publisher\":{\"@id\":\"https:\\\/\\\/www.pharmamed.com\\\/#organization\"},\"potentialAction\":[{\"@type\":\"SearchAction\",\"target\":{\"@type\":\"EntryPoint\",\"urlTemplate\":\"https:\\\/\\\/www.pharmamed.com\\\/?s={search_term_string}\"},\"query-input\":{\"@type\":\"PropertyValueSpecification\",\"valueRequired\":true,\"valueName\":\"search_term_string\"}}],\"inLanguage\":\"hr\"},{\"@type\":\"Organization\",\"@id\":\"https:\\\/\\\/www.pharmamed.com\\\/#organization\",\"name\":\"Pharmamed\",\"alternateName\":\"Pharmamed-Mado\",\"url\":\"https:\\\/\\\/www.pharmamed.com\\\/\",\"logo\":{\"@type\":\"ImageObject\",\"inLanguage\":\"hr\",\"@id\":\"https:\\\/\\\/www.pharmamed.com\\\/#\\\/schema\\\/logo\\\/image\\\/\",\"url\":\"https:\\\/\\\/www.pharmamed.com\\\/wp-content\\\/uploads\\\/2024\\\/02\\\/Pharmamed-logo-2.svg\",\"contentUrl\":\"https:\\\/\\\/www.pharmamed.com\\\/wp-content\\\/uploads\\\/2024\\\/02\\\/Pharmamed-logo-2.svg\",\"width\":184,\"height\":43,\"caption\":\"Pharmamed\"},\"image\":{\"@id\":\"https:\\\/\\\/www.pharmamed.com\\\/#\\\/schema\\\/logo\\\/image\\\/\"}}]}<\/script>\n<!-- \/ Yoast SEO plugin. -->","yoast_head_json":{"title":"Na\u0161a podru\u010dja stru\u010dnosti - Pharmamed","description":"PHARMAMED-MADO doo je trgova\u010dka tvrtka \u010dija je osnovna djelatnost registracija i promocija medicinskih proizvoda s fokusom na anesteziju, intenzivnu njegu, onkologiju, lije\u010denje boli, pedijatriju, urologiju, kirurgiju, ortopediju, traumatologiju, invazivnu kardiologiju i intenzivnu radiologiju.","robots":{"index":"index","follow":"follow","max-snippet":"max-snippet:-1","max-image-preview":"max-image-preview:large","max-video-preview":"max-video-preview:-1"},"canonical":"https:\/\/www.pharmamed.com\/areas-of-expertise\/","og_locale":"hr_HR","og_type":"article","og_title":"Na\u0161a podru\u010dja stru\u010dnosti - Pharmamed","og_description":"PHARMAMED-MADO doo je trgova\u010dka tvrtka \u010dija je osnovna djelatnost registracija i promocija medicinskih proizvoda s fokusom na anesteziju, intenzivnu njegu, onkologiju, lije\u010denje boli, pedijatriju, urologiju, kirurgiju, ortopediju, traumatologiju, invazivnu kardiologiju i intenzivnu radiologiju.","og_url":"https:\/\/www.pharmamed.com\/areas-of-expertise\/","og_site_name":"Pharmamed","article_modified_time":"2024-03-07T09:54:18+00:00","twitter_card":"summary_large_image","twitter_misc":{"Procijenjeno vrijeme \u010ditanja":"2 minute"},"schema":{"@context":"https:\/\/schema.org","@graph":[{"@type":"WebPage","@id":"https:\/\/www.pharmamed.com\/areas-of-expertise\/","url":"https:\/\/www.pharmamed.com\/areas-of-expertise\/","name":"Na\u0161a podru\u010dja stru\u010dnosti - Pharmamed","isPartOf":{"@id":"https:\/\/www.pharmamed.com\/#website"},"datePublished":"2017-04-21T11:48:59+00:00","dateModified":"2024-03-07T09:54:18+00:00","description":"PHARMAMED-MADO doo je trgova\u010dka tvrtka \u010dija je osnovna djelatnost registracija i promocija medicinskih proizvoda s fokusom na anesteziju, intenzivnu njegu, onkologiju, lije\u010denje boli, pedijatriju, urologiju, kirurgiju, ortopediju, traumatologiju, invazivnu kardiologiju i intenzivnu radiologiju.","breadcrumb":{"@id":"https:\/\/www.pharmamed.com\/areas-of-expertise\/#breadcrumb"},"inLanguage":"hr","potentialAction":[{"@type":"ReadAction","target":["https:\/\/www.pharmamed.com\/areas-of-expertise\/"]}]},{"@type":"BreadcrumbList","@id":"https:\/\/www.pharmamed.com\/areas-of-expertise\/#breadcrumb","itemListElement":[{"@type":"ListItem","position":1,"name":"Home","item":"https:\/\/www.pharmamed.com\/hr\/"},{"@type":"ListItem","position":2,"name":"Na\u0161a podru\u010dja stru\u010dnosti"}]},{"@type":"WebSite","@id":"https:\/\/www.pharmamed.com\/#website","url":"https:\/\/www.pharmamed.com\/","name":"Pharmamed","description":"Impact for life","publisher":{"@id":"https:\/\/www.pharmamed.com\/#organization"},"potentialAction":[{"@type":"SearchAction","target":{"@type":"EntryPoint","urlTemplate":"https:\/\/www.pharmamed.com\/?s={search_term_string}"},"query-input":{"@type":"PropertyValueSpecification","valueRequired":true,"valueName":"search_term_string"}}],"inLanguage":"hr"},{"@type":"Organization","@id":"https:\/\/www.pharmamed.com\/#organization","name":"Pharmamed","alternateName":"Pharmamed-Mado","url":"https:\/\/www.pharmamed.com\/","logo":{"@type":"ImageObject","inLanguage":"hr","@id":"https:\/\/www.pharmamed.com\/#\/schema\/logo\/image\/","url":"https:\/\/www.pharmamed.com\/wp-content\/uploads\/2024\/02\/Pharmamed-logo-2.svg","contentUrl":"https:\/\/www.pharmamed.com\/wp-content\/uploads\/2024\/02\/Pharmamed-logo-2.svg","width":184,"height":43,"caption":"Pharmamed"},"image":{"@id":"https:\/\/www.pharmamed.com\/#\/schema\/logo\/image\/"}}]}},"_links":{"self":[{"href":"https:\/\/www.pharmamed.com\/hr\/wp-json\/wp\/v2\/pages\/17580","targetHints":{"allow":["GET"]}}],"collection":[{"href":"https:\/\/www.pharmamed.com\/hr\/wp-json\/wp\/v2\/pages"}],"about":[{"href":"https:\/\/www.pharmamed.com\/hr\/wp-json\/wp\/v2\/types\/page"}],"author":[{"embeddable":true,"href":"https:\/\/www.pharmamed.com\/hr\/wp-json\/wp\/v2\/users\/1"}],"replies":[{"embeddable":true,"href":"https:\/\/www.pharmamed.com\/hr\/wp-json\/wp\/v2\/comments?post=17580"}],"version-history":[{"count":0,"href":"https:\/\/www.pharmamed.com\/hr\/wp-json\/wp\/v2\/pages\/17580\/revisions"}],"wp:attachment":[{"href":"https:\/\/www.pharmamed.com\/hr\/wp-json\/wp\/v2\/media?parent=17580"}],"curies":[{"name":"wp","href":"https:\/\/api.w.org\/{rel}","templated":true}]}}